{"id":634,"date":"2023-05-05T19:32:46","date_gmt":"2023-05-05T17:32:46","guid":{"rendered":"https:\/\/admsu.org\/consultez-le-site\/"},"modified":"2024-11-11T15:05:25","modified_gmt":"2024-11-11T14:05:25","slug":"e-learning","status":"publish","type":"page","link":"https:\/\/admsu.org\/w\/e-learning\/","title":{"rendered":"e-learning"},"content":{"rendered":"\n<p>Les cours sont accessibles apr\u00e8s inscription et\/ou autorisation par l\u2019administrateur du site. La plupart sont une mise \u00e0 niveau avant un enseignement par simulation \u00e0 All Sims. <br>C&#8217;est apr\u00e8s votre <a href=\"https:\/\/www.all-sims.fr\/\">inscription \u00e0 All Sims<\/a> que vous pourrez parcourir la plus part des e-learning<\/p>\n\n\n\n<figure class=\"wp-block-image size-large is-resized is-style-rounded\"><a href=\"https:\/\/www.all-sims.fr\/\" rel=\"_blank\"><img decoding=\"async\" src=\"https:\/\/www.all-sims.fr\/wp-content\/themes\/welko\/images\/logo-allsims.svg\" alt=\"\" style=\"aspect-ratio:1;width:94px;height:auto\"\/><\/a><\/figure>\n\n\n\n<p><\/p>\n","protected":false},"excerpt":{"rendered":"<p>Les cours sont accessibles apr\u00e8s inscription et\/ou autorisation par l\u2019administrateur du site. La plupart sont une mise \u00e0 niveau avant un enseignement par simulation \u00e0 All Sims. C&#8217;est apr\u00e8s votre inscription \u00e0 All Sims que vous pourrez parcourir la plus part des e-learning<\/p>\n","protected":false},"author":1,"featured_media":0,"parent":0,"menu_order":0,"comment_status":"closed","ping_status":"closed","template":"","meta":{"footnotes":""},"class_list":["post-634","page","type-page","status-publish","hentry"],"_links":{"self":[{"href":"https:\/\/admsu.org\/w\/wp-json\/wp\/v2\/pages\/634","targetHints":{"allow":["GET"]}}],"collection":[{"href":"https:\/\/admsu.org\/w\/wp-json\/wp\/v2\/pages"}],"about":[{"href":"https:\/\/admsu.org\/w\/wp-json\/wp\/v2\/types\/page"}],"author":[{"embeddable":true,"href":"https:\/\/admsu.org\/w\/wp-json\/wp\/v2\/users\/1"}],"replies":[{"embeddable":true,"href":"https:\/\/admsu.org\/w\/wp-json\/wp\/v2\/comments?post=634"}],"version-history":[{"count":15,"href":"https:\/\/admsu.org\/w\/wp-json\/wp\/v2\/pages\/634\/revisions"}],"predecessor-version":[{"id":5916,"href":"https:\/\/admsu.org\/w\/wp-json\/wp\/v2\/pages\/634\/revisions\/5916"}],"wp:attachment":[{"href":"https:\/\/admsu.org\/w\/wp-json\/wp\/v2\/media?parent=634"}],"curies":[{"name":"wp","href":"https:\/\/api.w.org\/{rel}","templated":true}]}}